{"id":33,"date":"2018-03-20T14:05:50","date_gmt":"2018-03-20T13:05:50","guid":{"rendered":"http:\/\/uewhg.eu\/?page_id=33"},"modified":"2021-04-29T13:25:21","modified_gmt":"2021-04-29T11:25:21","slug":"gruppen","status":"publish","type":"page","link":"https:\/\/uewhg.eu\/en\/uewhg\/gruppen\/","title":{"rendered":"Members"},"content":{"rendered":"<h1>Members of UEHMG<\/h1>\n\n<table id=\"tablepress-8\" class=\"tablepress tablepress-id-8\">\n<tbody class=\"row-hover\">\n<tr class=\"row-1\">\n\t<td class=\"column-1\">AUSTRIA (home of the UEHMG)<\/td>\n<\/tr>\n<tr class=\"row-2\">\n\t<td class=\"column-1\"><a href=\"https:\/\/dragonermuseum.webnode.com\/\" target=\"_blank\" rel=\"noopener noreferrer\">Bund ehemaliger Vierer Dragoner<\/a><\/td>\n<\/tr>\n<tr class=\"row-3\">\n\t<td class=\"column-1\"><a href=\"http:\/\/www.3er-dragoner.at\/\" target=\"_blank\" rel=\"noopener noreferrer\">Cavallerie Traditions Dragoner Regiment  No. 3 - K\u00f6nig von Sachsen<\/a><\/td>\n<\/tr>\n<tr class=\"row-4\">\n\t<td class=\"column-1\"><a href=\"http:\/\/www.deutschmeister-schuetzenkorps.at\/\" target=\"_blank\" rel=\"noopener noreferrer\">Deutschmeister Sch\u00fctzenkorps<\/a><\/td>\n<\/tr>\n<tr class=\"row-5\">\n\t<td class=\"column-1\"><a href=\"https:\/\/www.esterhazyhusaren.at\/\" rel=\"noopener noreferrer\" target=\"_blank\">Esterh\u00e0zy Husaren<\/a><\/td>\n<\/tr>\n<tr class=\"row-6\">\n\t<td class=\"column-1\"><a href=\"http:\/\/www.polizeitung.at\/\" target=\"_blank\" rel=\"noopener noreferrer\">Gesellschaft der Gendarmerie- und Polizeifreunde K\u00e4rnten<\/a><\/td>\n<\/tr>\n<tr class=\"row-7\">\n\t<td class=\"column-1\"><a href=\"http:\/\/www.deutschmeister1809.at\/\" target=\"_blank\" rel=\"noopener noreferrer\">Hoch- und Deutschmeister 1809 F\u00fcsilier- und Grenadier-Traditionscompagnie<\/a><\/td>\n<\/tr>\n<tr class=\"row-8\">\n\t<td class=\"column-1\"><a href=\"http:\/\/www.ilf.or.at\/\" target=\"_blank\" rel=\"noopener noreferrer\">Interessensgemeinschaft Luftfahrt Fischamend<\/a><\/td>\n<\/tr>\n<tr class=\"row-9\">\n\t<td class=\"column-1\"><a href=\"http:\/\/www.zitahusaren.at\" target=\"_blank\" rel=\"noopener noreferrer\">K. u. K. Husaren Regiment Nr. 16 Kaiserin und K\u00f6nigin Zita<\/a><\/td>\n<\/tr>\n<tr class=\"row-10\">\n\t<td class=\"column-1\"><a href=\"http:\/\/www.militaertradition.at\/index.htm\" rel=\"noopener noreferrer\" target=\"_blank\">K. u. K. Husaren Regiment Nr. 8 \"von Tersztyanszky\"<\/a><\/td>\n<\/tr>\n<tr class=\"row-11\">\n\t<td class=\"column-1\">K. u. k. Infanterieregiment Nr. 76, Freiherr von Salis Soglio<\/td>\n<\/tr>\n<tr class=\"row-12\">\n\t<td class=\"column-1\"><a href=\"https:\/\/fhsaustria.org\/\" target=\"_blank\" rel=\"noopener noreferrer\">K.(u.)k. Marinetraditionsescadre im FHS (FHS - Freunde Historischer Schiffe)<\/a><\/td>\n<\/tr>\n<tr class=\"row-13\">\n\t<td class=\"column-1\">K.k. Kaisersch\u00fctzenregiment Nr. II<\/td>\n<\/tr>\n<tr class=\"row-14\">\n\t<td class=\"column-1\"><a href=\"http:\/\/www.dragoner4.at\/\" target=\"_blank\" rel=\"noopener noreferrer\">k.u.k. Dragonerregiment Kaiser Ferdinand No. 4<\/a><\/td>\n<\/tr>\n<tr class=\"row-15\">\n\t<td class=\"column-1\"><a href=\"http:\/\/dragonerregiment.at\/\" target=\"_blank\" rel=\"noopener noreferrer\">K.u.k. Dragonerregiment Nikolaus Graf Pejacsevich v. Ver\u00f6cze<\/a><\/td>\n<\/tr>\n<tr class=\"row-16\">\n\t<td class=\"column-1\">k.u.k. Offiziersgesellschaft der Donaumonarchie 1867-1918 des Kaisers bunter Rock der k.u.k. Garnisonstadt Wels<\/td>\n<\/tr>\n<tr class=\"row-17\">\n\t<td class=\"column-1\"><a href=\"http:\/\/www.kukyg.at\/\" target=\"_blank\" rel=\"noopener noreferrer\">K.u.k. Yachtgeschwader<\/a><\/td>\n<\/tr>\n<tr class=\"row-18\">\n\t<td class=\"column-1\"><a href=\"http:\/\/www.roy.at\/\" target=\"_blank\" rel=\"noopener noreferrer\">Kaiserlich Russisch-Deutsche Legion, 2. Brigade<\/a><\/td>\n<\/tr>\n<tr class=\"row-19\">\n\t<td class=\"column-1\"><a href=\"https:\/\/ulan6.jimdo.com\/\" target=\"_blank\" rel=\"noopener noreferrer\">Landwehr-Ulanen-Regiment No. 6<\/a><\/td>\n<\/tr>\n<tr class=\"row-20\">\n\t<td class=\"column-1\">Nieder\u00f6sterreichisches Traditions Infanterieregiment Nr. 4 Hoch- und Deutschmeister<\/td>\n<\/tr>\n<tr class=\"row-21\">\n\t<td class=\"column-1\"><a href=\"http:\/\/www.ir49.at\/\" target=\"_blank\" rel=\"noopener noreferrer\">Offizierskorps des k.u.k. Traditionsinfantrieregiments No 49 Feldmarschall Heinrich Freiherr von He\u00df<\/a><\/td>\n<\/tr>\n<tr class=\"row-22\">\n\t<td class=\"column-1\"><a href=\"http:\/\/www.buergergarde-hallein.at\/\" target=\"_blank\" rel=\"noopener noreferrer\">Privilegierte, Uniformierte B\u00fcrgercorps der Stadt Hallein<\/a><\/td>\n<\/tr>\n<tr class=\"row-23\">\n\t<td class=\"column-1\">Privilegiertes uniformiertes B\u00fcrgerkorps Allzeit-Getreu zu Wiener Neustadt<\/td>\n<\/tr>\n<tr class=\"row-24\">\n\t<td class=\"column-1\"><a href=\"http:\/\/www.buergerkorps-eggenburg.at\/\" target=\"_blank\" rel=\"noopener noreferrer\">Privilegiertes uniformiertes B\u00fcrgerkorps Eggenburg<\/a><\/td>\n<\/tr>\n<tr class=\"row-25\">\n\t<td class=\"column-1\"><a href=\"https:\/\/www.facebook.com\/buergerkorps\/\" rel=\"noopener noreferrer\" target=\"_blank\">Privilegiertes uniformiertes und bewaffnetes B\u00fcrgerkorps zu Waidhofen an der Thaya<\/a><\/td>\n<\/tr>\n<tr class=\"row-26\">\n\t<td class=\"column-1\"><a href=\"http:\/\/www.radetzkyhusaren.com\/\" target=\"_blank\" rel=\"noopener noreferrer\">Radetzky Husarenregiment Nr. 5<\/a><\/td>\n<\/tr>\n<tr class=\"row-27\">\n\t<td class=\"column-1\"><a href=\"https:\/\/www.rainer-regimentsmuseum-salzburg.at\/\" rel=\"noopener noreferrer\" target=\"_blank\">Rainerbund Salzburg - Kameradschaft der Freunde des k.u.k. IR \"ErzherzogRainer\" Nr. 59, der Nachfolgetruppenk\u00f6rper sowie des Rainermuseums<\/a><\/td>\n<\/tr>\n<tr class=\"row-28\">\n\t<td class=\"column-1\"><a href=\"https:\/\/www.regimentskapelle.at\/\" rel=\"noopener noreferrer\" target=\"_blank\">Regimentskapelle Wien<\/a><\/td>\n<\/tr>\n<tr class=\"row-29\">\n\t<td class=\"column-1\"><a href=\"http:\/\/www.tiroler-kaiserj\u00e4ger.at\/\" target=\"_blank\" rel=\"noopener noreferrer\">Tiroler Kaiserj\u00e4ger Schwaz, 1. Regiment, 1. Kompanie Schwaz<\/a><\/td>\n<\/tr>\n<tr class=\"row-30\">\n\t<td class=\"column-1\"><a href=\"http:\/\/www.rad2.at\/\" target=\"_blank\" rel=\"noopener noreferrer\">Traditionsbatterie der Reitenden Artillerie Division No. 2<\/a><\/td>\n<\/tr>\n<tr class=\"row-31\">\n\t<td class=\"column-1\"><a href=\"https:\/\/www.dragoner7.at\/wp\/\" target=\"_blank\" rel=\"noopener noreferrer\">Traditions-Dragonerregiment No. 7, Herzog von Lothringen und Bar, 1. Escadron<\/a><\/td>\n<\/tr>\n<tr class=\"row-32\">\n\t<td class=\"column-1\"><a href=\"http:\/\/www.rainermusik.at\/\" target=\"_blank\" rel=\"noopener noreferrer\">Traditionsmusikkapelle des k. und k. Infanterieregimentes Erzherzog Rainer Nr. 59 (Rainermusik)<\/a><\/td>\n<\/tr>\n<tr class=\"row-33\">\n\t<td class=\"column-1\">Traditionsverband k. u. k. Feldj\u00e4gerbataillon Nr. 9<\/td>\n<\/tr>\n<tr class=\"row-34\">\n\t<td class=\"column-1\"><a href=\"http:\/\/www.ir99.eu\/\" target=\"_blank\" rel=\"noopener noreferrer\">Traditionsverband k.u.k. Infanterie Regiment Nr. 99<\/a><\/td>\n<\/tr>\n<tr class=\"row-35\">\n\t<td class=\"column-1\">Traditionsverband Kaiserj\u00e4gerdivision, 8.ITD<\/td>\n<\/tr>\n<tr class=\"row-36\">\n\t<td class=\"column-1\"><\/td>\n<\/tr>\n<tr class=\"row-37\">\n\t<td class=\"column-1\">BELGIUM<\/td>\n<\/tr>\n<tr class=\"row-38\">\n\t<td class=\"column-1\"><a href=\"https:\/\/sites.google.com\/site\/dencransantwerpen\/\" target=\"_blank\" rel=\"noopener noreferrer\">Den Crans van Aloude Schuttersgilden van Antwerpen<\/a><\/td>\n<\/tr>\n<tr class=\"row-39\">\n\t<td class=\"column-1\"><\/td>\n<\/tr>\n<tr class=\"row-40\">\n\t<td class=\"column-1\">BULGARY<\/td>\n<\/tr>\n<tr class=\"row-41\">\n\t<td class=\"column-1\"><a href=\"http:\/\/www.traditsia.com\/forum\/\" target=\"_blank\" rel=\"noopener noreferrer\">Bulgarischer Traditionsverband Traditsia<\/a><\/td>\n<\/tr>\n<tr class=\"row-42\">\n\t<td class=\"column-1\"><\/td>\n<\/tr>\n<tr class=\"row-43\">\n\t<td class=\"column-1\">CROATIA<\/td>\n<\/tr>\n<tr class=\"row-44\">\n\t<td class=\"column-1\"><a href=\"https:\/\/www.facebook.com\/Gradska-stra%C5%BEa-Po%C5%BEega-354520945049783\" target=\"_blank\" rel=\"noopener noreferrer\">Gradska stra\u017ea Po\u017eega (Stadtwache Po\u017eega)<\/a><\/td>\n<\/tr>\n<tr class=\"row-45\">\n\t<td class=\"column-1\"><a href=\"http:\/\/www.hrvatskisokol.hr\/\" target=\"_blank\" rel=\"noopener noreferrer\">Hrvatski sokol Osje\u010dko-baranjske \u017eupanije-Osijek (Kroatische Falken Osijek)<\/a><\/td>\n<\/tr>\n<tr class=\"row-46\">\n\t<td class=\"column-1\"><a href=\"https:\/\/karlovackagarda.hr\/\" target=\"_blank\" rel=\"noopener noreferrer\">Karlova\u010dka Gra\u0111anska Garda (KGG)<\/a><\/td>\n<\/tr>\n<tr class=\"row-47\">\n\t<td class=\"column-1\">Kri\u017eeva\u010dka Djevoja\u010dka Stra\u017ea (hist. Kreuzer M\u00e4dchenwache)<\/td>\n<\/tr>\n<tr class=\"row-48\">\n\t<td class=\"column-1\"><a href=\"http:\/\/www.kostelska-pistola.hr\/\" target=\"_blank\" rel=\"noopener noreferrer\">Povijesna postrojba Kostelska pi\u0161tola-Keglevi\u0107eva stra\u017ea Kostel (Keglevi\u0107 Wache Kostel\/Grauenwarth)<\/a><\/td>\n<\/tr>\n<tr class=\"row-49\">\n\t<td class=\"column-1\"><a href=\"https:\/\/www.facebook.com\/svngarda\" target=\"_blank\" rel=\"noopener noreferrer\">Svetonedeljska Garda Petar III. Erd\u00f6dy<\/a><\/td>\n<\/tr>\n<tr class=\"row-50\">\n\t<td class=\"column-1\"><a href=\"http:\/\/www.varazdinska-garda.com\/\" target=\"_blank\" rel=\"noopener noreferrer\">Vara\u017edinska Gra\u0111anska Garda (VGG)<\/a><\/td>\n<\/tr>\n<tr class=\"row-51\">\n\t<td class=\"column-1\">Vara\u017edinska husarska pukovnija br. 41 (Warasdiner Husarenregiment Nr. 41)<\/td>\n<\/tr>\n<tr class=\"row-52\">\n\t<td class=\"column-1\"><\/td>\n<\/tr>\n<tr class=\"row-53\">\n\t<td class=\"column-1\">CZECH REPUBLIC<\/td>\n<\/tr>\n<tr class=\"row-54\">\n\t<td class=\"column-1\">Traditions-Dragonerregiment FM Alfred F\u00fcrst zuWindischgraetz Nr. 14<\/td>\n<\/tr>\n<tr class=\"row-55\">\n\t<td class=\"column-1\"><\/td>\n<\/tr>\n<tr class=\"row-56\">\n\t<td class=\"column-1\">FRANCE<\/td>\n<\/tr>\n<tr class=\"row-57\">\n\t<td class=\"column-1\"><a href=\"http:\/\/brigadedesavoie.free.fr\/\" target=\"_blank\" rel=\"noopener noreferrer\">La Brigade de Savoie \/ Annecy<\/a><\/td>\n<\/tr>\n<tr class=\"row-58\">\n\t<td class=\"column-1\"><\/td>\n<\/tr>\n<tr class=\"row-59\">\n\t<td class=\"column-1\">GERMANY<\/td>\n<\/tr>\n<tr class=\"row-60\">\n\t<td class=\"column-1\"><a href=\"https:\/\/aksmg.jimdo.com\" rel=\"noopener noreferrer\" target=\"_blank\">AK S\u00e4chsische Milit\u00e4rgeschichte e.V., I.G. 2. K.S. Grenadier Regiment Nr. 101 \"Kaiser Wilhelm, K\u00f6nig von Preussen\"<\/a><\/td>\n<\/tr>\n<tr class=\"row-61\">\n\t<td class=\"column-1\">B\u00fcrgerehrencorps Freiburg von 1793<\/td>\n<\/tr>\n<tr class=\"row-62\">\n\t<td class=\"column-1\"><a href=\"https:\/\/www.facebook.com\/burgergarde.ravensburg\" target=\"_blank\" rel=\"noopener noreferrer\">B\u00fcrgergarde der Stadt Ravensburg 1830 e.V.<\/a><\/td>\n<\/tr>\n<tr class=\"row-63\">\n\t<td class=\"column-1\"><a href=\"https:\/\/buergergarde-huettlingen.de.tl\/Home.htm\" target=\"_blank\" rel=\"noopener noreferrer\">B\u00fcrgergarde H\u00fcttlingen 1849<\/a><\/td>\n<\/tr>\n<tr class=\"row-64\">\n\t<td class=\"column-1\"><a href=\"http:\/\/www.buergergarde-weilderstadt.de\/\" target=\"_blank\" rel=\"noopener noreferrer\">B\u00fcrgergarde Weil der Stadt e.V.<\/a><\/td>\n<\/tr>\n<tr class=\"row-65\">\n\t<td class=\"column-1\"><a href=\"https:\/\/www.buergermiliz-sipplingen.de\/\" target=\"_blank\" rel=\"noopener noreferrer\">B\u00fcrgermiliz Sipplingen e.V.<\/a><\/td>\n<\/tr>\n<tr class=\"row-66\">\n\t<td class=\"column-1\"><a href=\"http:\/\/www.buergerwache-saulgau.de\/\" target=\"_blank\" rel=\"noopener noreferrer\">B\u00fcrgerwache Saulgau 1239 e.V.<\/a><\/td>\n<\/tr>\n<tr class=\"row-67\">\n\t<td class=\"column-1\"><a href=\"https:\/\/www.buergerwehr-wolfach.de\/\" target=\"_blank\" rel=\"noopener noreferrer\">B\u00fcrgerwehr Wolfach 1827 e.V.<\/a><\/td>\n<\/tr>\n<tr class=\"row-68\">\n\t<td class=\"column-1\"><a href=\"http:\/\/www.dghu.de\/\" target=\"_blank\" rel=\"noopener noreferrer\">Deutsche Gesellschaft f\u00fcr Historische Uniformkunde (DGHU) e.V., Germersheim<\/a><\/td>\n<\/tr>\n<tr class=\"row-69\">\n\t<td class=\"column-1\"><a href=\"http:\/\/www.dragoner-ostrach.de\" target=\"_blank\" rel=\"noopener noreferrer\">Dragoner-Regiment No.11 Maximilian Graf Baillet de Latour zu Ostrach 1799 e.V.<\/a><\/td>\n<\/tr>\n<tr class=\"row-70\">\n\t<td class=\"column-1\">Feldartillerie Kr\u00f6llwitzer Land 1813<\/td>\n<\/tr>\n<tr class=\"row-71\">\n\t<td class=\"column-1\"><a href=\"http:\/\/www.glemser-garde.de\/\" target=\"_blank\" rel=\"noopener noreferrer\">\"Glemser Garde du Corps K\u00f6niglich W\u00fcrttembergisches Feldartillerieregiment Nr. 13 K\u00f6nig Karl i.TR. Schlo\u00dfgarde Lichtenstein w.V. \"Semper Primi\"<\/a><\/td>\n<\/tr>\n<tr class=\"row-72\">\n\t<td class=\"column-1\"><a href=\"http:\/\/www.grenadiergarde.de\/\" target=\"_blank\" rel=\"noopener noreferrer\">Historisch Hochf\u00fcrstlich Lobkowitzische Grenadier Garde der Gef\u00fcrsteten Grafschaft Sternstein e.V.<\/a><\/td>\n<\/tr>\n<tr class=\"row-73\">\n\t<td class=\"column-1\"><a href=\"http:\/\/www.alte-buechsn.de\/\" target=\"_blank\" rel=\"noopener noreferrer\">Historisch K\u00f6niglich Bayerische Sch\u00fctzencompagnie \"Alte B\u00fcchsen\" der Stadt Waldm\u00fcnchen e.V.<\/a><\/td>\n<\/tr>\n<tr class=\"row-74\">\n\t<td class=\"column-1\"><a href=\"https:\/\/www.facebook.com\/Historische-B%C3%BCrgergarde-Sch%C3%B6mberg-ev-174249145940733\/\" target=\"_blank\" rel=\"noopener noreferrer\">Historische B\u00fcrgergarde Sch\u00f6mberg e.V.<\/a><\/td>\n<\/tr>\n<tr class=\"row-75\">\n\t<td class=\"column-1\"><a href=\"https:\/\/www.buergerwehr-huefingen.de\/\" target=\"_blank\" rel=\"noopener noreferrer\">Historische B\u00fcrgerwehr H\u00fcfingen 1741 e.V.<\/a><\/td>\n<\/tr>\n<tr class=\"row-76\">\n\t<td class=\"column-1\"><a href=\"https:\/\/www.buergerwehr-villingen.de\/start\/\" target=\"_blank\" rel=\"noopener noreferrer\">Historische B\u00fcrgerwehr und Trachtengruppe Villingen e.V.<\/a><\/td>\n<\/tr>\n<tr class=\"row-77\">\n\t<td class=\"column-1\"><a href=\"http:\/\/www.hdoc.de\/\" target=\"_blank\" rel=\"noopener noreferrer\">Historische Deutschorden-Compagnie zu Mergentheim e.V.<\/a><\/td>\n<\/tr>\n<tr class=\"row-78\">\n\t<td class=\"column-1\"><a href=\"http:\/\/hist-buergerwehr-kronach.de\/\" target=\"_blank\" rel=\"noopener noreferrer\">Historische F\u00fcrstbisch\u00f6flich-Bambergische Sch\u00fctzen- und Artillerie-Compagnie zu Cronach<\/a><\/td>\n<\/tr>\n<tr class=\"row-79\">\n\t<td class=\"column-1\"><a href=\"https:\/\/www.buergerwehr-wolkersdorf.de\/\" target=\"_blank\" rel=\"noopener noreferrer\">Historische kgl. Bayr. B\u00fcrgerwehr \u2013 Artillerie Wolkersdorf e.V.<\/a><\/td>\n<\/tr>\n<tr class=\"row-80\">\n\t<td class=\"column-1\"><a href=\"http:\/\/www.bayern-buergerwehr.de\/Schwabach\/\" target=\"_blank\" rel=\"noopener noreferrer\">Historische K\u00f6niglich-Bayerische B\u00fcrgerwehr-Sch\u00fctzen-Compagnie der Stadt Schwabach<\/a><\/td>\n<\/tr>\n<tr class=\"row-81\">\n\t<td class=\"column-1\"><a href=\"http:\/\/www.historischespielleute-jena.de\/\" target=\"_blank\" rel=\"noopener noreferrer\">Historische Spielleutegruppe Jena e.V.<\/a><\/td>\n<\/tr>\n<tr class=\"row-82\">\n\t<td class=\"column-1\"><a href=\"http:\/\/www.hzk-sig.de\/\" target=\"_blank\" rel=\"noopener noreferrer\">Hohenzollern-K\u00fcrassiere Sigmaringen e.V.<\/a><\/td>\n<\/tr>\n<tr class=\"row-83\">\n\t<td class=\"column-1\">Interessengemeinschaft L\u00fctzower Freikorps 1813 Leipzig<\/td>\n<\/tr>\n<tr class=\"row-84\">\n\t<td class=\"column-1\"><a href=\"http:\/\/bauplattform.de\/vs\/verein\/intere.htm\" target=\"_blank\" rel=\"noopener noreferrer\">Interessenverein \"V\u00f6lkerschlacht bei Leipzig 1813\" e.V.<\/a><\/td>\n<\/tr>\n<tr class=\"row-85\">\n\t<td class=\"column-1\"><a href=\"http:\/\/www.l\u00fctzower-artillerie-1813.de\/\" target=\"_blank\" rel=\"noopener noreferrer\">L\u00fctzower Artillerie 1813 \"Traugott Fritze\" e.V.<\/a><\/td>\n<\/tr>\n<tr class=\"row-86\">\n\t<td class=\"column-1\">Stadtgarde zu Pferd Saulgau e.V.<\/td>\n<\/tr>\n<tr class=\"row-87\">\n\t<td class=\"column-1\"><a href=\"http:\/\/stadtgarde-stuttgart.de\/\" target=\"_blank\" rel=\"noopener noreferrer\">Stadtgarde zu Pferd Stuttgart 1652 e.V.<\/a><\/td>\n<\/tr>\n<tr class=\"row-88\">\n\t<td class=\"column-1\"><a href=\"http:www.zietenhusar.de\" rel=\"noopener\" target=\"_blank\">Traditionsverband Brandenburgisches Husarenregiment, Interessengemeinschaft Zietenhusaren<\/a><\/td>\n<\/tr>\n<tr class=\"row-89\">\n\t<td class=\"column-1\"><a href=\"https:\/\/www.offizierkorps.org\" rel=\"noopener\" target=\"_blank\">Traditionsverein des K\u00f6niglich Preu\u00dfischen Offizierkorps e. V.<\/a><\/td>\n<\/tr>\n<tr class=\"row-90\">\n\t<td class=\"column-1\"><\/td>\n<\/tr>\n<tr class=\"row-91\">\n\t<td class=\"column-1\">HUNGARY<\/td>\n<\/tr>\n<tr class=\"row-92\">\n\t<td class=\"column-1\"><a href=\"http:\/\/www.fehervarihuszarok.hu\/\" target=\"_blank\" rel=\"noopener noreferrer\">Feh\u00e9rv\u00e1ri Husz\u00e1rok Egyes\u00fclete Husarenverein Sz\u00e9kesfeh\u00e9rv\u00e1r (Stuhlweissenburg)<\/a><\/td>\n<\/tr>\n<tr class=\"row-93\">\n\t<td class=\"column-1\">Hadik Husz\u00e1rok Katonai Hagyom\u00e1ny\u00f6rz\u0151k Egyes\u00fclete<\/td>\n<\/tr>\n<tr class=\"row-94\">\n\t<td class=\"column-1\">T\u00f6rt\u00e9nelmi Lovas Egyes\u00fclet<\/td>\n<\/tr>\n<tr class=\"row-95\">\n\t<td class=\"column-1\"><\/td>\n<\/tr>\n<tr class=\"row-96\">\n\t<td class=\"column-1\">ITALY<\/td>\n<\/tr>\n<tr class=\"row-97\">\n\t<td class=\"column-1\"><a href=\"http:\/\/www.associazione-amici-pietro-micca-1706.it\/\" target=\"_blank\" rel=\"noopener noreferrer\">Associazione Amici del Museo Pietro Micca Gruppo Storico Pietro Micca,Torino del 1706<\/a><\/td>\n<\/tr>\n<tr class=\"row-98\">\n\t<td class=\"column-1\"><a href=\"http:\/\/www.coordinamento1600-1700.it\" target=\"_blank\" rel=\"noopener noreferrer\">Coordinamento Rievocazioni Storiche<\/a><\/td>\n<\/tr>\n<tr class=\"row-99\">\n\t<td class=\"column-1\">k.u.k. Infanterieregiment Nr. 97 Georg Freiherr von Waldst\u00e4tten Cormons<\/td>\n<\/tr>\n<tr class=\"row-100\">\n\t<td class=\"column-1\"><\/td>\n<\/tr>\n<tr class=\"row-101\">\n\t<td class=\"column-1\">LITHUANIA<\/td>\n<\/tr>\n<tr class=\"row-102\">\n\t<td class=\"column-1\">Artillery of Grand Duchy of Lithuania, Kaunas, Kaunas War History Club - Mounted battery of count Rudolph Tyzenhaus 1812<\/td>\n<\/tr>\n<tr class=\"row-103\">\n\t<td class=\"column-1\">Kauno Pavieto Laisvieji \u0160auliai, Voluntary Riflemen Company of Kausnas, Historische Sch\u00fctzencompanie der Stadt Kaunas<\/td>\n<\/tr>\n<tr class=\"row-104\">\n\t<td class=\"column-1\"><\/td>\n<\/tr>\n<tr class=\"row-105\">\n\t<td class=\"column-1\">NETHERLANDS<\/td>\n<\/tr>\n<tr class=\"row-106\">\n\t<td class=\"column-1\"><a href=\"http:\/\/husarenvonglasenapp.nl\/\" target=\"_blank\" rel=\"noopener noreferrer\">Frei-Husaren von Glasenapp 1760<\/a><\/td>\n<\/tr>\n<tr class=\"row-107\">\n\t<td class=\"column-1\"><a href=\"http:\/\/www.maastrichter-brigade.eu\/\" target=\"_blank\" rel=\"noopener noreferrer\">Maastricher Brigade 1814-1840<\/a><\/td>\n<\/tr>\n<tr class=\"row-108\">\n\t<td class=\"column-1\"><\/td>\n<\/tr>\n<tr class=\"row-109\">\n\t<td class=\"column-1\">NORWAY<\/td>\n<\/tr>\n<tr class=\"row-110\">\n\t<td class=\"column-1\"><a href=\"http:\/\/fredrikshald-borgervepning.no\/\" target=\"_blank\" rel=\"noopener noreferrer\">Fredrikshald Borgerv\u00e6pning<\/a><\/td>\n<\/tr>\n<tr class=\"row-111\">\n\t<td class=\"column-1\"><\/td>\n<\/tr>\n<tr class=\"row-112\">\n\t<td class=\"column-1\">ROMANIA<\/td>\n<\/tr>\n<tr class=\"row-113\">\n\t<td class=\"column-1\"><a href=\"http:\/\/traditia-militara.ro\/de\/\" target=\"_blank\" rel=\"noopener noreferrer\">Asociatia Traditia Militara<\/a><\/td>\n<\/tr>\n<tr class=\"row-114\">\n\t<td class=\"column-1\"><\/td>\n<\/tr>\n<tr class=\"row-115\">\n\t<td class=\"column-1\">RUSSIA<\/td>\n<\/tr>\n<tr class=\"row-116\">\n\t<td class=\"column-1\"><a href=\"https:\/\/leibgrenader.clan.su\/\" target=\"_blank\" rel=\"noopener noreferrer\">Life-Guard Grenadier Regiment including 24th artillery Regiment  Military-Historical Club \u201dOTETCHESTVO\u201d<\/a><\/td>\n<\/tr>\n<tr class=\"row-117\">\n\t<td class=\"column-1\"><\/td>\n<\/tr>\n<\/tbody>\n<\/table>\n<!-- #tablepress-8 from cache -->\n","protected":false},"excerpt":{"rendered":"<p>Members of UEHMG<\/p>\n","protected":false},"author":1,"featured_media":0,"parent":21,"menu_order":2,"comment_status":"closed","ping_status":"closed","template":"","meta":{"footnotes":""},"class_list":["post-33","page","type-page","status-publish"],"translation":{"provider":"WPGlobus","version":"3.0.0","language":"en","enabled_languages":["de","en"],"languages":{"de":{"title":true,"content":true,"excerpt":false},"en":{"title":true,"content":true,"excerpt":false}}},"_links":{"self":[{"href":"https:\/\/uewhg.eu\/en\/wp-json\/wp\/v2\/pages\/33"}],"collection":[{"href":"https:\/\/uewhg.eu\/en\/wp-json\/wp\/v2\/pages"}],"about":[{"href":"https:\/\/uewhg.eu\/en\/wp-json\/wp\/v2\/types\/page"}],"author":[{"embeddable":true,"href":"https:\/\/uewhg.eu\/en\/wp-json\/wp\/v2\/users\/1"}],"replies":[{"embeddable":true,"href":"https:\/\/uewhg.eu\/en\/wp-json\/wp\/v2\/comments?post=33"}],"version-history":[{"count":7,"href":"https:\/\/uewhg.eu\/en\/wp-json\/wp\/v2\/pages\/33\/revisions"}],"predecessor-version":[{"id":4353,"href":"https:\/\/uewhg.eu\/en\/wp-json\/wp\/v2\/pages\/33\/revisions\/4353"}],"up":[{"embeddable":true,"href":"https:\/\/uewhg.eu\/en\/wp-json\/wp\/v2\/pages\/21"}],"wp:attachment":[{"href":"https:\/\/uewhg.eu\/en\/wp-json\/wp\/v2\/media?parent=33"}],"curies":[{"name":"wp","href":"https:\/\/api.w.org\/{rel}","templated":true}]}}