{"id":6052,"date":"2023-08-07T12:07:31","date_gmt":"2023-08-07T10:07:31","guid":{"rendered":"https:\/\/uewhg.eu\/?page_id=6052"},"modified":"2023-08-07T12:11:18","modified_gmt":"2023-08-07T10:11:18","slug":"mitgliedermeldung","status":"publish","type":"page","link":"https:\/\/uewhg.eu\/en\/mitgliedermeldung\/","title":{"rendered":"Member report"},"content":{"rendered":"\n<p>Please fill in the following form completely and send it via the button.<\/p>\n\n\n<style id=\"wpforms-css-vars-6071\">\n\t\t\t\t#wpforms-6071 {\n\t\t\t\t\n\t\t\t}\n\t\t\t<\/style><div class=\"wpforms-container wpforms-container-full wpforms-render-modern\" id=\"wpforms-6071\"><form id=\"wpforms-form-6071\" class=\"wpforms-validate wpforms-form wpforms-ajax-form\" data-formid=\"6071\" method=\"post\" enctype=\"multipart\/form-data\" action=\"\/en\/wp-json\/wp\/v2\/pages\/6052\" data-token=\"4b1fa549cbf5055cac911fef9f6e9fe8\" data-token-time=\"1776347132\"><noscript class=\"wpforms-error-noscript\">Please enable JavaScript in your browser to complete this form.<\/noscript><div id=\"wpforms-error-noscript\" style=\"display: none;\">Please enable JavaScript in your browser to complete this form.<\/div><div class=\"wpforms-field-container\"><div id=\"wpforms-6071-field_1-container\" class=\"wpforms-field wpforms-field-select wpforms-field-select-style-classic\" data-field-id=\"1\"><label class=\"wpforms-field-label\" for=\"wpforms-6071-field_1\">Association <span class=\"wpforms-required-label\" aria-hidden=\"true\">*<\/span><\/label><select id=\"wpforms-6071-field_1\" class=\"wpforms-field-large wpforms-field-required\" name=\"wpforms[fields][1]\" required=\"required\"><option value=\"\" class=\"placeholder\" disabled  selected='selected'>please choose<\/option><option value=\"AUSTRIA - Bund ehemaliger Vierer Dragoner, Bundesleitung Wels\"  class=\"choice-185 depth-1\"  >AUSTRIA - Bund ehemaliger Vierer Dragoner, Bundesleitung Wels<\/option><option value=\"AUSTRIA - Cavallerie Traditions Dragoner Regiment  No. 3 - K\u00f6nig von Sachsen\"  class=\"choice-186 depth-1\"  >AUSTRIA - Cavallerie Traditions Dragoner Regiment  No. 3 - K\u00f6nig von Sachsen<\/option><option value=\"AUSTRIA - Deutschmeister Sch\u00fctzenkorps\"  class=\"choice-187 depth-1\"  >AUSTRIA - Deutschmeister Sch\u00fctzenkorps<\/option><option value=\"AUSTRIA - Gesellschaft der Gendarmerie- und Polizeifreunde K\u00e4rntens. K\u00e4rntner Traditionsgendarmerie 1899\"  class=\"choice-188 depth-1\"  >AUSTRIA - Gesellschaft der Gendarmerie- und Polizeifreunde K\u00e4rntens. K\u00e4rntner Traditionsgendarmerie 1899<\/option><option value=\"AUSTRIA - Hoch- und Deutschmeister 1809 F\u00fcsilier- und Grenadier - Traditionscompagnie\"  class=\"choice-189 depth-1\"  >AUSTRIA - Hoch- und Deutschmeister 1809 F\u00fcsilier- und Grenadier - Traditionscompagnie<\/option><option value=\"AUSTRIA - Interessensgemeinschaft Luftfahrt Fischamend\"  class=\"choice-190 depth-1\"  >AUSTRIA - Interessensgemeinschaft Luftfahrt Fischamend<\/option><option value=\"AUSTRIA - K. u. K. Husaren Regiment Nr. 16 Kaiserin und K\u00f6nigin Zita\"  class=\"choice-191 depth-1\"  >AUSTRIA - K. u. K. Husaren Regiment Nr. 16 Kaiserin und K\u00f6nigin Zita<\/option><option value=\"AUSTRIA - K. u. K. Husaren Regiment Nr. 8 &quot;von Tersztyanszky&quot;\"  class=\"choice-192 depth-1\"  >AUSTRIA - K. u. K. Husaren Regiment Nr. 8 \"von Tersztyanszky\"<\/option><option value=\"AUSTRIA - K. u. k. Infanterieregiment Nr. 76, Freiherr von Salis Soglio, Verein f\u00fcr Tradition und Geschichtsdarstellung\"  class=\"choice-193 depth-1\"  >AUSTRIA - K. u. k. Infanterieregiment Nr. 76, Freiherr von Salis Soglio, Verein f\u00fcr Tradition und Geschichtsdarstellung<\/option><option value=\"AUSTRIA - K.(u.)k. Marinetraditionsescadre im FHS (FHS - Freunde Historischer Schiffe)\"  class=\"choice-194 depth-1\"  >AUSTRIA - K.(u.)k. Marinetraditionsescadre im FHS (FHS - Freunde Historischer Schiffe)<\/option><option value=\"AUSTRIA - K.k. Kaisersch\u00fctzenregiment Nr. II\"  class=\"choice-196 depth-1\"  >AUSTRIA - K.k. Kaisersch\u00fctzenregiment Nr. II<\/option><option value=\"AUSTRIA - k.u.k. Dragonerregiment Kaiser Ferdinand No. 4 auch kurz DR4, Vierer Dragoner oder Ferdinand Dragoner\"  class=\"choice-197 depth-1\"  >AUSTRIA - k.u.k. Dragonerregiment Kaiser Ferdinand No. 4 auch kurz DR4, Vierer Dragoner oder Ferdinand Dragoner<\/option><option value=\"AUSTRIA - K.u.k. Dragonerregiment Nikolaus Graf Pejacsevic v. Ver\u00f6cze\"  class=\"choice-198 depth-1\"  >AUSTRIA - K.u.k. Dragonerregiment Nikolaus Graf Pejacsevic v. Ver\u00f6cze<\/option><option value=\"AUSTRIA - k.u.k. Offiziersgesellschaft der Donaumonarchie 1867-1918 des Kaisers bunter Rock der k.u.k. Garnisonstadt Wels.\"  class=\"choice-199 depth-1\"  >AUSTRIA - k.u.k. Offiziersgesellschaft der Donaumonarchie 1867-1918 des Kaisers bunter Rock der k.u.k. Garnisonstadt Wels.<\/option><option value=\"AUSTRIA - K.u.k. Yachtgeschwader (Segeltraditionsverein)\"  class=\"choice-200 depth-1\"  >AUSTRIA - K.u.k. Yachtgeschwader (Segeltraditionsverein)<\/option><option value=\"AUSTRIA - Kaiserlich Russisch-Deutsche Legion, 2. Brigade Gesellschaft f\u00fcr Kultur und lebendige Geschichtsdarstellung\"  class=\"choice-201 depth-1\"  >AUSTRIA - Kaiserlich Russisch-Deutsche Legion, 2. Brigade Gesellschaft f\u00fcr Kultur und lebendige Geschichtsdarstellung<\/option><option value=\"AUSTRIA - Landwehr-Ulanen-Regiment No. 6\"  class=\"choice-203 depth-1\"  >AUSTRIA - Landwehr-Ulanen-Regiment No. 6<\/option><option value=\"AUSTRIA - Nieder\u00f6sterreichisches Traditions Infanterieregiment Nr. 4 Hoch- und Deutschmeister\"  class=\"choice-204 depth-1\"  >AUSTRIA - Nieder\u00f6sterreichisches Traditions Infanterieregiment Nr. 4 Hoch- und Deutschmeister<\/option><option value=\"AUSTRIA - Offizierskorps des  k.u.k. Traditionsinfantrieregiments No 49 Feldmarschall Heinrich Freiherr von He\u00df kurz: Traditonsinfantrieregiment No 49\"  class=\"choice-205 depth-1\"  >AUSTRIA - Offizierskorps des  k.u.k. Traditionsinfantrieregiments No 49 Feldmarschall Heinrich Freiherr von He\u00df kurz: Traditonsinfantrieregiment No 49<\/option><option value=\"AUSTRIA - Privilegierte, Uniformierte B\u00fcrgercorps der Stadt Hallein\"  class=\"choice-206 depth-1\"  >AUSTRIA - Privilegierte, Uniformierte B\u00fcrgercorps der Stadt Hallein<\/option><option value=\"AUSTRIA - Privilegiertes uniformiertes B\u00fcrgerkorps Allzeit-Getreu zu Wiener Neustadt\"  class=\"choice-207 depth-1\"  >AUSTRIA - Privilegiertes uniformiertes B\u00fcrgerkorps Allzeit-Getreu zu Wiener Neustadt<\/option><option value=\"AUSTRIA - Privilegiertes uniformiertes B\u00fcrgerkorps Eggenburg\"  class=\"choice-208 depth-1\"  >AUSTRIA - Privilegiertes uniformiertes B\u00fcrgerkorps Eggenburg<\/option><option value=\"AUSTRIA - Privilegiertes uniformiertes und bewaffnetes B\u00fcrgerkorps zu Waidhofen an der Thaya\"  class=\"choice-209 depth-1\"  >AUSTRIA - Privilegiertes uniformiertes und bewaffnetes B\u00fcrgerkorps zu Waidhofen an der Thaya<\/option><option value=\"AUSTRIA - Radetzky Husarenregiment Nr. 5 Kurzbezeichnung: Radetzky Husaren\"  class=\"choice-210 depth-1\"  >AUSTRIA - Radetzky Husarenregiment Nr. 5 Kurzbezeichnung: Radetzky Husaren<\/option><option value=\"AUSTRIA - Rainerbund Salzburg - Kameradschaft der Freunde des k.u.k. IR &quot;ErzherzogRainer&quot; Nr. 59, der Nachfolgetruppenk\u00f6rper sowie des Rainermuseums\"  class=\"choice-211 depth-1\"  >AUSTRIA - Rainerbund Salzburg - Kameradschaft der Freunde des k.u.k. IR \"ErzherzogRainer\" Nr. 59, der Nachfolgetruppenk\u00f6rper sowie des Rainermuseums<\/option><option value=\"AUSTRIA - Regimentskapelle Wien\"  class=\"choice-275 depth-1\"  >AUSTRIA - Regimentskapelle Wien<\/option><option value=\"AUSTRIA - Tiroler Kaiserj\u00e4ger Schwaz, 1. Regiment, 1. Kompanie Schwaz\"  class=\"choice-212 depth-1\"  >AUSTRIA - Tiroler Kaiserj\u00e4ger Schwaz, 1. Regiment, 1. Kompanie Schwaz<\/option><option value=\"AUSTRIA - Traditionsbatterie der Reitenden Artillerie Division No. 2 (RAD2)\"  class=\"choice-213 depth-1\"  >AUSTRIA - Traditionsbatterie der Reitenden Artillerie Division No. 2 (RAD2)<\/option><option value=\"AUSTRIA - Traditions-Dragonerregiment No.7, Herzog von Lothringen und Bar, 1. Escadron\"  class=\"choice-214 depth-1\"  >AUSTRIA - Traditions-Dragonerregiment No.7, Herzog von Lothringen und Bar, 1. Escadron<\/option><option value=\"AUSTRIA - Traditionsmusikkapelle des k. und k. Infanterieregimentes Erzherzog Rainer Nr. 59 (Rainermusik)\"  class=\"choice-215 depth-1\"  >AUSTRIA - Traditionsmusikkapelle des k. und k. Infanterieregimentes Erzherzog Rainer Nr. 59 (Rainermusik)<\/option><option value=\"AUSTRIA - Traditionsverband k. u. k. Feldj\u00e4gerbataillon Nr. 9, kurz: (Traditionsverband k.u.k. FjgB9)\"  class=\"choice-216 depth-1\"  >AUSTRIA - Traditionsverband k. u. k. Feldj\u00e4gerbataillon Nr. 9, kurz: (Traditionsverband k.u.k. FjgB9)<\/option><option value=\"AUSTRIA - Traditionsverband k.u.k. Infanterie Regiment Nr. 99\"  class=\"choice-217 depth-1\"  >AUSTRIA - Traditionsverband k.u.k. Infanterie Regiment Nr. 99<\/option><option value=\"AUSTRIA - Traditionsverband Kaiserj\u00e4gerdivision, 8.ITD\"  class=\"choice-218 depth-1\"  >AUSTRIA - Traditionsverband Kaiserj\u00e4gerdivision, 8.ITD<\/option><option value=\"AUSTRIA - Traditionsverein k.k. Infanterieregiment Nr. 3 Erzherzog Carl \/ 1809 (kurz IR3)\"  class=\"choice-219 depth-1\"  >AUSTRIA - Traditionsverein k.k. Infanterieregiment Nr. 3 Erzherzog Carl \/ 1809 (kurz IR3)<\/option><option value=\"AUSTRIA - Verein zur Erforschung und F\u00f6rderung der Esterhazyschen Husaren\"  class=\"choice-220 depth-1\"  >AUSTRIA - Verein zur Erforschung und F\u00f6rderung der Esterhazyschen Husaren<\/option><option value=\"BELGIUM - Den Crans van Aloude Schuttersgilden van Antwerpen vzw\"  class=\"choice-221 depth-1\"  >BELGIUM - Den Crans van Aloude Schuttersgilden van Antwerpen vzw<\/option><option value=\"BULGARIA - Bulgarischer Traditionsverband Traditsia\"  class=\"choice-222 depth-1\"  >BULGARIA - Bulgarischer Traditionsverband Traditsia<\/option><option value=\"CROATIA - Gradska stra\u017ea Po\u017eega\"  class=\"choice-223 depth-1\"  >CROATIA - Gradska stra\u017ea Po\u017eega<\/option><option value=\"CROATIA - Hrvatski sokol Osje\u010dko-baranjske \u017eupanije-Osijek (Kroatische Falken Osijek)\"  class=\"choice-224 depth-1\"  >CROATIA - Hrvatski sokol Osje\u010dko-baranjske \u017eupanije-Osijek (Kroatische Falken Osijek)<\/option><option value=\"CROATIA - Karlova\u010dka Gra\u0111anska Garda (KGG)\"  class=\"choice-225 depth-1\"  >CROATIA - Karlova\u010dka Gra\u0111anska Garda (KGG)<\/option><option value=\"CROATIA - Kri\u017eeva\u010dka Djevoja\u010dka Stra\u017ea (hist. Kreuzer M\u00e4dchenwache)\"  class=\"choice-226 depth-1\"  >CROATIA - Kri\u017eeva\u010dka Djevoja\u010dka Stra\u017ea (hist. Kreuzer M\u00e4dchenwache)<\/option><option value=\"CROATIA - Povijesna postrojba Kostelska pi\u0161tola-Keglevi\u0107eva stra\u017ea Kostel (Keglevi\u0107 Wache Kostel\/Grauenwarth)\"  class=\"choice-227 depth-1\"  >CROATIA - Povijesna postrojba Kostelska pi\u0161tola-Keglevi\u0107eva stra\u017ea Kostel (Keglevi\u0107 Wache Kostel\/Grauenwarth)<\/option><option value=\"CROATIA - Povijesna postrojba Trenkovi panduri Po\u017eega (Trenk Panduren Po\u017eega)\"  class=\"choice-228 depth-1\"  >CROATIA - Povijesna postrojba Trenkovi panduri Po\u017eega (Trenk Panduren Po\u017eega)<\/option><option value=\"CROATIA - Svetonedeljska Garda Petar II Erd\u00f6dy\"  class=\"choice-229 depth-1\"  >CROATIA - Svetonedeljska Garda Petar II Erd\u00f6dy<\/option><option value=\"CROATIA - Vara\u017edinska Gra\u0111anska Garda (VGG)\"  class=\"choice-230 depth-1\"  >CROATIA - Vara\u017edinska Gra\u0111anska Garda (VGG)<\/option><option value=\"CROATIA - Vara\u017edinska husarska pukovnija br. 41, Warasdiner Husarenregiment Nr. 41\"  class=\"choice-231 depth-1\"  >CROATIA - Vara\u017edinska husarska pukovnija br. 41, Warasdiner Husarenregiment Nr. 41<\/option><option value=\"CZECH REPUBLIC - Traditions-Dragonerregiment FM Alfred F\u00fcrst zuWindischgraetz Nr. 14\"  class=\"choice-232 depth-1\"  >CZECH REPUBLIC - Traditions-Dragonerregiment FM Alfred F\u00fcrst zuWindischgraetz Nr. 14<\/option><option value=\"FRANCE - La Brigade de Savoie \/ Annecy\"  class=\"choice-233 depth-1\"  >FRANCE - La Brigade de Savoie \/ Annecy<\/option><option value=\"GERMANY - AK S\u00e4chsische Milit\u00e4rgeschichte e.V., I.G. 2. K.S. Grenadier Regiment Nr. 101 &quot;Kaiser Wilhelm, K\u00f6nig von Preussen&quot;\"  class=\"choice-234 depth-1\"  >GERMANY - AK S\u00e4chsische Milit\u00e4rgeschichte e.V., I.G. 2. K.S. Grenadier Regiment Nr. 101 \"Kaiser Wilhelm, K\u00f6nig von Preussen\"<\/option><option value=\"GERMANY - B\u00fcrgerehrencorps Freiburg von 1793\"  class=\"choice-235 depth-1\"  >GERMANY - B\u00fcrgerehrencorps Freiburg von 1793<\/option><option value=\"GERMANY - B\u00fcrgergarde der Stadt Ravensburg 1830 e.V.\"  class=\"choice-236 depth-1\"  >GERMANY - B\u00fcrgergarde der Stadt Ravensburg 1830 e.V.<\/option><option value=\"GERMANY - B\u00fcrgergarde H\u00fcttlingen 1849\"  class=\"choice-237 depth-1\"  >GERMANY - B\u00fcrgergarde H\u00fcttlingen 1849<\/option><option value=\"GERMANY - B\u00fcrgergarde Weil der Stadt e.V.\"  class=\"choice-238 depth-1\"  >GERMANY - B\u00fcrgergarde Weil der Stadt e.V.<\/option><option value=\"GERMANY - B\u00fcrgerwache Saulgau 1239 e.V.\"  class=\"choice-239 depth-1\"  >GERMANY - B\u00fcrgerwache Saulgau 1239 e.V.<\/option><option value=\"GERMANY - B\u00fcrgerwehr Wolfach 1827 e.V.\"  class=\"choice-240 depth-1\"  >GERMANY - B\u00fcrgerwehr Wolfach 1827 e.V.<\/option><option value=\"GERMANY - Deutsche Gesellschaft f\u00fcr Historische Uniformkunde (DGHU) e.V., Germersheim\"  class=\"choice-241 depth-1\"  >GERMANY - Deutsche Gesellschaft f\u00fcr Historische Uniformkunde (DGHU) e.V., Germersheim<\/option><option value=\"GERMANY - Dragoner-Regiment No.11 Maximilian Graf Baillet de Latour zu Ostrach 1799 e.V.\"  class=\"choice-242 depth-1\"  >GERMANY - Dragoner-Regiment No.11 Maximilian Graf Baillet de Latour zu Ostrach 1799 e.V.<\/option><option value=\"GERMANY - Feldartillerie Kr\u00f6llwitzer Land 1813\"  class=\"choice-243 depth-1\"  >GERMANY - Feldartillerie Kr\u00f6llwitzer Land 1813<\/option><option value=\"GERMANY - Glemser Garde du Corps K\u00f6niglich W\u00fcrttembergisches Feldartillerieregiment Nr. 13 K\u00f6nig Karl i.TR. Schlo\u00dfgarde Lichtenstein w.V. &quot;Semper Primi&quot;\"  class=\"choice-244 depth-1\"  >GERMANY - Glemser Garde du Corps K\u00f6niglich W\u00fcrttembergisches Feldartillerieregiment Nr. 13 K\u00f6nig Karl i.TR. Schlo\u00dfgarde Lichtenstein w.V. \"Semper Primi\"<\/option><option value=\"GERMANY - Historisch Hochf\u00fcrstlich Lobkowitzische Grenadier Garde der Gef\u00fcrsteten Grafschaft Sternstein e.V.\"  class=\"choice-245 depth-1\"  >GERMANY - Historisch Hochf\u00fcrstlich Lobkowitzische Grenadier Garde der Gef\u00fcrsteten Grafschaft Sternstein e.V.<\/option><option value=\"GERMANY - Historisch K\u00f6niglich Bayerische Sch\u00fctzencompagnie &quot;Alte B\u00fcchsen&quot; der Stadt Waldm\u00fcnchen e.V.\"  class=\"choice-246 depth-1\"  >GERMANY - Historisch K\u00f6niglich Bayerische Sch\u00fctzencompagnie \"Alte B\u00fcchsen\" der Stadt Waldm\u00fcnchen e.V.<\/option><option value=\"GERMANY - Historische B\u00fcrgergarde Sch\u00f6mberg e.V.\"  class=\"choice-247 depth-1\"  >GERMANY - Historische B\u00fcrgergarde Sch\u00f6mberg e.V.<\/option><option value=\"GERMANY - Historische B\u00fcrgerwehr H\u00fcfingen 1741 e.V.\"  class=\"choice-248 depth-1\"  >GERMANY - Historische B\u00fcrgerwehr H\u00fcfingen 1741 e.V.<\/option><option value=\"GERMANY - Historische B\u00fcrgerwehr und Trachtengruppe Villingen e.V.\"  class=\"choice-249 depth-1\"  >GERMANY - Historische B\u00fcrgerwehr und Trachtengruppe Villingen e.V.<\/option><option value=\"GERMANY - Historische Deutschorden-Compagnie zu Mergentheim e.V.\"  class=\"choice-250 depth-1\"  >GERMANY - Historische Deutschorden-Compagnie zu Mergentheim e.V.<\/option><option value=\"GERMANY - Historische F\u00fcrstbisch\u00f6flich-Bambergische Sch\u00fctzen- und Artillerie-Compagnie zu Cronach\"  class=\"choice-251 depth-1\"  >GERMANY - Historische F\u00fcrstbisch\u00f6flich-Bambergische Sch\u00fctzen- und Artillerie-Compagnie zu Cronach<\/option><option value=\"GERMANY - Historische kgl. Bayr. B\u00fcrgerwehr \u2013 Artillerie Wolkersdorf e.V.\"  class=\"choice-252 depth-1\"  >GERMANY - Historische kgl. Bayr. B\u00fcrgerwehr \u2013 Artillerie Wolkersdorf e.V.<\/option><option value=\"GERMANY - Historische K\u00f6niglich-Bayerische B\u00fcrgerwehr-Sch\u00fctzen-Compagnie der Stadt Schwabach\"  class=\"choice-253 depth-1\"  >GERMANY - Historische K\u00f6niglich-Bayerische B\u00fcrgerwehr-Sch\u00fctzen-Compagnie der Stadt Schwabach<\/option><option value=\"GERMANY - Historische Spielleutegruppe Jena e.V.\"  class=\"choice-254 depth-1\"  >GERMANY - Historische Spielleutegruppe Jena e.V.<\/option><option value=\"GERMANY - Historische Stadtgarde Reutlingen 1828 e.V.\"  class=\"choice-255 depth-1\"  >GERMANY - Historische Stadtgarde Reutlingen 1828 e.V.<\/option><option value=\"GERMANY - Hohenzollern-K\u00fcrassiere Sigmaringen e.V.\"  class=\"choice-256 depth-1\"  >GERMANY - Hohenzollern-K\u00fcrassiere Sigmaringen e.V.<\/option><option value=\"GERMANY - Interessengemeinschaft L\u00fctzower Freikorps 1813 Leipzig\"  class=\"choice-257 depth-1\"  >GERMANY - Interessengemeinschaft L\u00fctzower Freikorps 1813 Leipzig<\/option><option value=\"GERMANY - Interessenverein &quot;V\u00f6lkerschlacht bei Leipzig 1813&quot; e.V.\"  class=\"choice-258 depth-1\"  >GERMANY - Interessenverein \"V\u00f6lkerschlacht bei Leipzig 1813\" e.V.<\/option><option value=\"GERMANY - L\u00fctzower Artillerie 1813 &quot;Traugott Fritze&quot; e.V.\"  class=\"choice-259 depth-1\"  >GERMANY - L\u00fctzower Artillerie 1813 \"Traugott Fritze\" e.V.<\/option><option value=\"GERMANY - Stadtgarde zu Pferd Saulgau e.V.\"  class=\"choice-260 depth-1\"  >GERMANY - Stadtgarde zu Pferd Saulgau e.V.<\/option><option value=\"GERMANY - Stadtgarde zu Pferd Stuttgart 1652 e.V.\"  class=\"choice-261 depth-1\"  >GERMANY - Stadtgarde zu Pferd Stuttgart 1652 e.V.<\/option><option value=\"GERMANY - Traditionsverband Brandenburgisches Husarenregiment Interessengemeinschaft Zietenhusaren\"  class=\"choice-262 depth-1\"  >GERMANY - Traditionsverband Brandenburgisches Husarenregiment Interessengemeinschaft Zietenhusaren<\/option><option value=\"HUNGARY - Feh\u00e9rv\u00e1ri Husz\u00e1rok Egyes\u00fclete Husarenverein Sz\u00e9kesfeh\u00e9rv\u00e1r (Stuhlweissenburg)\"  class=\"choice-263 depth-1\"  >HUNGARY - Feh\u00e9rv\u00e1ri Husz\u00e1rok Egyes\u00fclete Husarenverein Sz\u00e9kesfeh\u00e9rv\u00e1r (Stuhlweissenburg)<\/option><option value=\"HUNGARY - Hadik Husz\u00e1rok Katonai Hagyom\u00e1ny\u00f6rz\u0151k Egyes\u00fclete\"  class=\"choice-264 depth-1\"  >HUNGARY - Hadik Husz\u00e1rok Katonai Hagyom\u00e1ny\u00f6rz\u0151k Egyes\u00fclete<\/option><option value=\"ITALIA - Associazione Amici del Museo Pietro Micca Gruppo Storico Pietro Micca,Torino del 1706\"  class=\"choice-265 depth-1\"  >ITALIA - Associazione Amici del Museo Pietro Micca Gruppo Storico Pietro Micca,Torino del 1706<\/option><option value=\"ITALIA - Coordinamento Rievocazioni Storiche\"  class=\"choice-266 depth-1\"  >ITALIA - Coordinamento Rievocazioni Storiche<\/option><option value=\"ITALIA - k.u.k. Infanterieregiment Nr. 97 Georg Freiherr von Waldst\u00e4tten Cormons\"  class=\"choice-267 depth-1\"  >ITALIA - k.u.k. Infanterieregiment Nr. 97 Georg Freiherr von Waldst\u00e4tten Cormons<\/option><option value=\"LITHUANIA - Artillery of Grand Duchy of Lithuania, Kaunas, Kaunas War History Club - Mounted battery of count Rudolph Tyzenhaus 1812\"  class=\"choice-268 depth-1\"  >LITHUANIA - Artillery of Grand Duchy of Lithuania, Kaunas, Kaunas War History Club - Mounted battery of count Rudolph Tyzenhaus 1812<\/option><option value=\"LITHUANIA - Kauno Pavieto Laisvieji \u0160auliai, Voluntary Riflemen Company of Kausnas, Historische Sch\u00fctzencompanie der Stadt Kaunas\"  class=\"choice-202 depth-1\"  >LITHUANIA - Kauno Pavieto Laisvieji \u0160auliai, Voluntary Riflemen Company of Kausnas, Historische Sch\u00fctzencompanie der Stadt Kaunas<\/option><option value=\"NETHERLANDS - Frei-Husaren von Glasenapp 1760\"  class=\"choice-269 depth-1\"  >NETHERLANDS - Frei-Husaren von Glasenapp 1760<\/option><option value=\"NETHERLANDS - Maastricher Brigade 1814-1840\"  class=\"choice-270 depth-1\"  >NETHERLANDS - Maastricher Brigade 1814-1840<\/option><option value=\"NETHERLANDS - Voormalige 2e Regiment Cavalerie Venlo\"  class=\"choice-271 depth-1\"  >NETHERLANDS - Voormalige 2e Regiment Cavalerie Venlo<\/option><option value=\"NORWAY - Fredrikshald Borgerv\u00e6pning\"  class=\"choice-272 depth-1\"  >NORWAY - Fredrikshald Borgerv\u00e6pning<\/option><option value=\"ROMANIA - Asociatia Traditia Militara\"  class=\"choice-273 depth-1\"  >ROMANIA - Asociatia Traditia Militara<\/option><option value=\"RUSSIA - Life-Guard Grenadier Regiment including 24th artillery Regiment  Military-Historical Club \u201dOTETCHESTVO\u201d\"  class=\"choice-274 depth-1\"  >RUSSIA - Life-Guard Grenadier Regiment including 24th artillery Regiment  Military-Historical Club \u201dOTETCHESTVO\u201d<\/option><\/select><\/div><div id=\"wpforms-6071-field_2-container\" class=\"wpforms-field wpforms-field-number\" data-field-id=\"2\"><label class=\"wpforms-field-label\" for=\"wpforms-6071-field_2\">Number of active members (incl. functionaries) <span class=\"wpforms-required-label\" aria-hidden=\"true\">*<\/span><\/label><input type=\"number\" id=\"wpforms-6071-field_2\" class=\"wpforms-field-medium wpforms-field-required\" name=\"wpforms[fields][2]\" step=\"any\" aria-errormessage=\"wpforms-6071-field_2-error\" required><\/div><div id=\"wpforms-6071-field_3-container\" class=\"wpforms-field wpforms-field-number\" data-field-id=\"3\"><label class=\"wpforms-field-label\" for=\"wpforms-6071-field_3\">Thereof number of active functionaries <span class=\"wpforms-required-label\" aria-hidden=\"true\">*<\/span><\/label><input type=\"number\" id=\"wpforms-6071-field_3\" class=\"wpforms-field-medium wpforms-field-required\" name=\"wpforms[fields][3]\" step=\"any\" aria-errormessage=\"wpforms-6071-field_3-error\" required><\/div><div id=\"wpforms-6071-field_4-container\" class=\"wpforms-field wpforms-field-textarea\" data-field-id=\"4\"><label class=\"wpforms-field-label\" for=\"wpforms-6071-field_4\">Comments<\/label><textarea id=\"wpforms-6071-field_4\" class=\"wpforms-field-medium\" name=\"wpforms[fields][4]\" aria-errormessage=\"wpforms-6071-field_4-error\" ><\/textarea><\/div><div id=\"wpforms-6071-field_6-container\" class=\"wpforms-field wpforms-field-name\" data-field-id=\"6\"><label class=\"wpforms-field-label\" for=\"wpforms-6071-field_6\">Name of the sender <span class=\"wpforms-required-label\" aria-hidden=\"true\">*<\/span><\/label><input type=\"text\" id=\"wpforms-6071-field_6\" class=\"wpforms-field-medium wpforms-field-required\" name=\"wpforms[fields][6]\" aria-errormessage=\"wpforms-6071-field_6-error\" required><\/div><div id=\"wpforms-6071-field_7-container\" class=\"wpforms-field wpforms-field-email\" data-field-id=\"7\"><label class=\"wpforms-field-label\" for=\"wpforms-6071-field_7\">E-mail address of the sender <span class=\"wpforms-required-label\" aria-hidden=\"true\">*<\/span><\/label><input type=\"email\" id=\"wpforms-6071-field_7\" class=\"wpforms-field-medium wpforms-field-required\" name=\"wpforms[fields][7]\" spellcheck=\"false\" aria-errormessage=\"wpforms-6071-field_7-error\" required><\/div><\/div><!-- .wpforms-field-container --><div class=\"wpforms-submit-container\" ><input type=\"hidden\" name=\"wpforms[id]\" value=\"6071\"><input type=\"hidden\" name=\"page_title\" value=\"\"><input type=\"hidden\" name=\"page_url\" value=\"https:\/\/uewhg.eu\/en\/wp-json\/wp\/v2\/pages\/6052\"><input type=\"hidden\" name=\"url_referer\" value=\"\"><button type=\"submit\" name=\"wpforms[submit]\" id=\"wpforms-submit-6071\" class=\"wpforms-submit\" data-alt-text=\"Sending\u2026\" data-submit-text=\"Send\" aria-live=\"assertive\" value=\"wpforms-submit\">Send<\/button><img loading=\"lazy\" decoding=\"async\" src=\"https:\/\/uewhg.eu\/wp-content\/plugins\/wpforms-lite\/assets\/images\/submit-spin.svg\" class=\"wpforms-submit-spinner\" style=\"display: none;\" width=\"26\" height=\"26\" alt=\"Loading\"><\/div><\/form><\/div>  <!-- .wpforms-container -->\n","protected":false},"excerpt":{"rendered":"<p>Please fill in the following form completely and send it via the button.<\/p>\n","protected":false},"author":1,"featured_media":0,"parent":0,"menu_order":0,"comment_status":"closed","ping_status":"closed","template":"","meta":{"footnotes":""},"class_list":["post-6052","page","type-page","status-publish"],"translation":{"provider":"WPGlobus","version":"3.0.0","language":"en","enabled_languages":["de","en"],"languages":{"de":{"title":true,"content":true,"excerpt":false},"en":{"title":true,"content":true,"excerpt":false}}},"_links":{"self":[{"href":"https:\/\/uewhg.eu\/en\/wp-json\/wp\/v2\/pages\/6052"}],"collection":[{"href":"https:\/\/uewhg.eu\/en\/wp-json\/wp\/v2\/pages"}],"about":[{"href":"https:\/\/uewhg.eu\/en\/wp-json\/wp\/v2\/types\/page"}],"author":[{"embeddable":true,"href":"https:\/\/uewhg.eu\/en\/wp-json\/wp\/v2\/users\/1"}],"replies":[{"embeddable":true,"href":"https:\/\/uewhg.eu\/en\/wp-json\/wp\/v2\/comments?post=6052"}],"version-history":[{"count":5,"href":"https:\/\/uewhg.eu\/en\/wp-json\/wp\/v2\/pages\/6052\/revisions"}],"predecessor-version":[{"id":6079,"href":"https:\/\/uewhg.eu\/en\/wp-json\/wp\/v2\/pages\/6052\/revisions\/6079"}],"wp:attachment":[{"href":"https:\/\/uewhg.eu\/en\/wp-json\/wp\/v2\/media?parent=6052"}],"curies":[{"name":"wp","href":"https:\/\/api.w.org\/{rel}","templated":true}]}}